{"id":175,"date":"2019-11-01T19:08:37","date_gmt":"2019-11-01T19:08:37","guid":{"rendered":"https:\/\/narubissau.wordpress.com\/?page_id=175"},"modified":"2020-03-10T15:40:48","modified_gmt":"2020-03-10T15:40:48","slug":"ausbildung","status":"publish","type":"page","link":"https:\/\/www.naru-bissau.org\/?page_id=175","title":{"rendered":"Ausbildung \/ A Forma\u00e7\u00e3o"},"content":{"rendered":"\n<div class=\"wp-block-media-text alignwide is-stacked-on-mobile\"><figure class=\"wp-block-media-text__media\"><img loading=\"lazy\" decoding=\"async\" width=\"380\" height=\"285\" src=\"https:\/\/www.naru-bissau.org\/wp-content\/uploads\/2019\/11\/referenzprojekte-15.jpg?w=380\" alt=\"\" class=\"wp-image-217\" srcset=\"https:\/\/www.naru-bissau.org\/wp-content\/uploads\/2019\/11\/referenzprojekte-15.jpg 380w, https:\/\/www.naru-bissau.org\/wp-content\/uploads\/2019\/11\/referenzprojekte-15-300x225.jpg 300w\" sizes=\"auto, (max-width: 380px) 100vw, 380px\" \/><\/figure><div class=\"wp-block-media-text__content\">\n<p>Ein grosses Hindernis f\u00fcr den Aufbau einer Solarinfrastruktur in  Guinea Bissau ist bislang der grosse Mangel an Fachkr\u00e4fte f\u00fcr die  Installation, den Support und die Wartung der Anlagen. Es gibt fast  keine Spezialisten, die \u00fcber das notwendige technische Know-how  verf\u00fcgen und das funktionieren von Solaranlagen im Hinblick auf  Sicherheit und Effizienz ausreichend verstehen, Anlagen fachgerecht  installieren un Support, Wartung und Reparaturarbeiten leisten k\u00f6nnen.<\/p>\n\n\n\n<p><em>Um grande obst\u00e1culo para a constru\u00e7\u00e3o de uma infraestrutura solar na Guin\u00e9-Bissau tem sido at\u00e9 agora a grande falta de especialistas para a instala\u00e7\u00e3o, suporte e manuten\u00e7\u00e3o das instala\u00e7\u00f5es.     Quase n\u00e3o h\u00e1 especialistas que t\u00eam o know-how t\u00e9cnico necess\u00e1rio que entendam suficientemente a fun\u00e7\u00e3o dos sistemas solares no que diz respeito \u00e0 seguran\u00e7a e efici\u00eancia e que possam instalar os sistemas profissionalmente fornecer suporte, manuten\u00e7\u00e3o e repara\u00e7\u00e3o.<\/em><\/p>\n\n\n\n<p>Die Ausbildung von Fachkr\u00e4ften ist insofern eine entscheidende  Voraussetzung, um eine gr\u00f6ssere Solarinfrastruktur in afrikanischen  L\u00e4ndern \u00fcberhaupt aufbauen und instandhalten zu k\u00f6nnen.<\/p>\n\n\n\n<p><em>A forma\u00e7\u00e3o de especialistas \u00e9 um pr\u00e9-requisito crucial para poder construir e manter uma infraestrutura solar  nos pa\u00edses africanos.<\/em><\/p>\n<\/div><\/div>\n\n\n\n<div class=\"wp-block-media-text alignwide has-media-on-the-right is-stacked-on-mobile\"><figure class=\"wp-block-media-text__media\"><img loading=\"lazy\" decoding=\"async\" width=\"1024\" height=\"768\" src=\"https:\/\/www.naru-bissau.org\/wp-content\/uploads\/2019\/11\/P1000236-1024x768.jpg\" alt=\"\" class=\"wp-image-492\" srcset=\"https:\/\/www.naru-bissau.org\/wp-content\/uploads\/2019\/11\/P1000236-1024x768.jpg 1024w, https:\/\/www.naru-bissau.org\/wp-content\/uploads\/2019\/11\/P1000236-300x225.jpg 300w, https:\/\/www.naru-bissau.org\/wp-content\/uploads\/2019\/11\/P1000236-768x576.jpg 768w, https:\/\/www.naru-bissau.org\/wp-content\/uploads\/2019\/11\/P1000236-1536x1152.jpg 1536w, https:\/\/www.naru-bissau.org\/wp-content\/uploads\/2019\/11\/P1000236-2048x1536.jpg 2048w, https:\/\/www.naru-bissau.org\/wp-content\/uploads\/2019\/11\/P1000236-1568x1176.jpg 1568w\" sizes=\"auto, (max-width: 1024px) 100vw, 1024px\" \/><\/figure><div class=\"wp-block-media-text__content\">\n<p>NARU m\u00f6chte jungen Leuten, die kaum die M\u00f6glichkeit haben, eine  solide Ausbildung zu erhalten \u2013 speziell auf dem Land und speziell  Frauen -, die Perspektive er\u00f6ffnen, eine Ausbildung zum Solartechniker  zu absolvieren, um danach selbst Installationsarbeiten \u00fcbernehemen zu  k\u00f6nnen und\/oder sich als Kleinunternehmer selbstst\u00e4ndig zu machen und  eigene Kunden zu gewinnen.<\/p>\n\n\n\n<p><em>NARU quer jovens que t\u00eam pouca oportunidade de obter uma forma\u00e7\u00e3o s\u00f3lida &#8211; especialmente nas \u00e1reas rurais e espec\u00edfico as mulheres &#8211; para abrir a perspectiva de concluir uma forma\u00e7\u00e3o de t\u00e9cnico solar, em seguida poder assumir o trabalho de instala\u00e7\u00e3o por conta pr\u00f3pria e \/ ou se tornar aut\u00f4nomo como propriet\u00e1rio de uma pequena empresa e conquistar clientes.  <\/em><\/p>\n\n\n\n<p>Zun\u00e4chst sollen die Ausbildungskurse w\u00e4hrend der Aufbauphase der  Micro- und Mini Grids stattfinden, in dem das Grundlagenwissen der  Solartechnologie vermittelt wird, aber auch spezielle Kurse  beispeilsweise f\u00fcr die Micro Grid- und Mini Grid-Technologie angeboten  werden sollen.<\/p>\n\n\n\n<p><em>Primeiro, os cursos de forma\u00e7\u00e3o devem ser realizados durante a fase de constru\u00e7\u00e3o dos Micro- e Mini-Grids, na qual s\u00e3o transmitidos os conhecimentos b\u00e1sicos da tecnologia solar, e tamb\u00e9m ser\u00e3o oferecidos cursos especiais, por exemplo, para a tecnologia de Micro- e Mini-Grid.<\/em><\/p>\n<\/div><\/div>\n","protected":false},"excerpt":{"rendered":"<p>Ein grosses Hindernis f\u00fcr den Aufbau einer Solarinfrastruktur in Guinea Bissau ist bislang der grosse Mangel an Fachkr\u00e4fte f\u00fcr die Installation, den Support und die Wartung der Anlagen. Es gibt fast keine Spezialisten, die \u00fcber das notwendige technische Know-how verf\u00fcgen und das funktionieren von Solaranlagen im Hinblick auf Sicherheit und Effizienz ausreichend verstehen, Anlagen fachgerecht<a class=\"more-link\" href=\"https:\/\/www.naru-bissau.org\/?page_id=175\">Continue reading <span class=\"screen-reader-text\">&#171;Ausbildung \/ A Forma\u00e7\u00e3o&#187;<\/span><\/a><\/p>\n","protected":false},"author":1,"featured_media":0,"parent":0,"menu_order":0,"comment_status":"closed","ping_status":"closed","template":"","meta":{"footnotes":""},"class_list":["post-175","page","type-page","status-publish","hentry","entry"],"_links":{"self":[{"href":"https:\/\/www.naru-bissau.org\/index.php?rest_route=\/wp\/v2\/pages\/175","targetHints":{"allow":["GET"]}}],"collection":[{"href":"https:\/\/www.naru-bissau.org\/index.php?rest_route=\/wp\/v2\/pages"}],"about":[{"href":"https:\/\/www.naru-bissau.org\/index.php?rest_route=\/wp\/v2\/types\/page"}],"author":[{"embeddable":true,"href":"https:\/\/www.naru-bissau.org\/index.php?rest_route=\/wp\/v2\/users\/1"}],"replies":[{"embeddable":true,"href":"https:\/\/www.naru-bissau.org\/index.php?rest_route=%2Fwp%2Fv2%2Fcomments&post=175"}],"version-history":[{"count":4,"href":"https:\/\/www.naru-bissau.org\/index.php?rest_route=\/wp\/v2\/pages\/175\/revisions"}],"predecessor-version":[{"id":644,"href":"https:\/\/www.naru-bissau.org\/index.php?rest_route=\/wp\/v2\/pages\/175\/revisions\/644"}],"wp:attachment":[{"href":"https:\/\/www.naru-bissau.org\/index.php?rest_route=%2Fwp%2Fv2%2Fmedia&parent=175"}],"curies":[{"name":"wp","href":"https:\/\/api.w.org\/{rel}","templated":true}]}}