{"id":227,"date":"2019-11-01T21:27:48","date_gmt":"2019-11-01T21:27:48","guid":{"rendered":"https:\/\/narubissau.wordpress.com\/?page_id=227"},"modified":"2022-10-11T12:31:08","modified_gmt":"2022-10-11T12:31:08","slug":"calequisse","status":"publish","type":"page","link":"https:\/\/www.naru-bissau.org\/?page_id=227","title":{"rendered":"Mini-Grid f\u00fcr ein Dorf \/ Mini-Grid para uma Aldeia"},"content":{"rendered":"\n<div class=\"wp-block-media-text alignwide is-stacked-on-mobile\" style=\"grid-template-columns:46% auto\"><figure class=\"wp-block-media-text__media\"><img loading=\"lazy\" decoding=\"async\" width=\"1024\" height=\"768\" src=\"https:\/\/www.naru-bissau.org\/wp-content\/uploads\/2019\/11\/calequisse_2019-1787-1024x768.jpg\" alt=\"\" class=\"wp-image-409 size-full\" srcset=\"https:\/\/www.naru-bissau.org\/wp-content\/uploads\/2019\/11\/calequisse_2019-1787-1024x768.jpg 1024w, https:\/\/www.naru-bissau.org\/wp-content\/uploads\/2019\/11\/calequisse_2019-1787-300x225.jpg 300w, https:\/\/www.naru-bissau.org\/wp-content\/uploads\/2019\/11\/calequisse_2019-1787-768x576.jpg 768w\" sizes=\"auto, (max-width: 1024px) 100vw, 1024px\" \/><\/figure><div class=\"wp-block-media-text__content\">\n<p>Das erste angestrebte gr\u00f6ssere Projekt von NARU Navitas ruralium ist die Errichtung eines Mini-Grids in einem Dorf. <\/p>\n\n\n\n<p><em>O primeiro grande projeto da NARU Navitas Ruralium \u00e9 construir um Mini-Grid em uma aldeia.<\/em><\/p>\n\n\n\n<p>Das Dorf hat ca. 3000 Einwohner und ist f\u00fcr ein Mini Grid ausgezeichnet geeignet. Im Dorfkern befinden sich nah beieinander das Gemeindezentrum (Rathaus), das kleine Gesundheitszentrum, die Schule, ein (stark renovierbed\u00fcrftiges) Hotel, die Gemeindeverwaltung, die Polizeistation sowie etwa 30 kleine Shops (Lebensmittell\u00e4den, kleine Boutiquen, ein Laden f\u00fcr elektrische Artikel, Werkzeugl\u00e4den, Schneidereien, Friseure, eine Apotheke, ein Fahrradwerkstatt). Ein Krankenhaus befindet sich etwa 300m vom Dorfkern entfernt. Zahlreiche Wohnh\u00e4user lagern sich um diesen Kern.<\/p>\n\n\n\n<p> <em>A aldeia tem cerca de 3000 habitantes e \u00e9 ideal para um Mini-Grid. No centro da aldeia est\u00e3o o Comit\u00e9 de Estado, o Centro de Sa\u00fade, uma escola, um hotel (precisa de renova\u00e7\u00e3o), a delegacia de pol\u00edcia e a cerca de 30 pequenas lojas (mercearias, butiques, lojas de artigos el\u00e9tricos, lojas de ferramentas, alfatarias, cabeleireiros, uma farm\u00e1cia, uma oficina de bicicletas). Um hospital est\u00e1 localizado a cerca de 300m do centro da aldeia e existem muitas casas nesta \u00e1rea.  <\/em><\/p>\n<\/div><\/div>\n\n\n\n<p>Es gibt gute Kontakte zu einem Dorf im Nordwesten Guinea Bissaus, in dem es bislang keine Stromversorgung gibt und das sich f\u00fcr die Installation eines Mini-Grids ausgezeichnet eignet. Nach zwei Besuchen und ausf\u00fchrlichen Gespr\u00e4chen im Dorf \u2013 im Dezember 2018 und im Mai 2019 \u2013 wurde seitens der beiden wichtigsten Repr\u00e4sentanten des Dorfes, dem Administrador de Comit\u00e9 de Estado und dem Regulo, grossz\u00fcgige Unterst\u00fctzung f\u00fcr ein Mini Grid-Projekt zugesichert.<br>Die Idee traf auch im Dorf auf freudige Zustimmung und wurde allseits grunds\u00e4tzlich begr\u00fcsst. Im Zentrum des Ortes wurde ein freies und schattenloses, ca. 2000 m2 grosses Gel\u00e4nde gefunden, das sich als Areal f\u00fcr das Solarfeld bestens eignet und vom Administrador bereits f\u00fcr die Anlage kostenlos zur Verf\u00fcgung gestellt wurde. Dahinter befindet sich ein weiteres freies St\u00fcck Land f\u00fcr eine m\u00f6gliche sp\u00e4tere Expansion. <\/p>\n\n\n\n<p><em>Existem bons contatos para esta vila no noroeste da Guin\u00e9-Bissau, onde atualmente n\u00e3o h\u00e1 fornecimento de eletricidade  e a aldeia \u00e9 excelente para instalar um Mini-Grid. Depois de duas visitas e entrevistas extensas na aldeia- em dezembro de 2018 e maio de 2019 &#8211; o apoio generoso ao projeto de Mini-Grid foi assegurado pelos dois representantes mais importantes da aldeia, o Administrador do Comit\u00ea de Estado e o Regulo. A id\u00e9ia teve uma aprova\u00e7\u00e3o feliz na aldeia e foi geralmente bem-vinda por todos. No centro da aldeia, foi encontrado um local livre e sem sombras, com aproximadamente 2000 m2, ideal como uma \u00e1rea para o campo solar e j\u00e1 foi disponibilizado sem custos pelo Administrador. Atr\u00e1s deste terreno, ainda existe um espa\u00e7o livre para uma poss\u00edvel futura amplia\u00e7\u00e3o.<\/em><\/p>\n\n\n\n<p>Gleich daneben befindet sich ein grosses, aber stark renovierbed\u00fcrftiges, im portugiesischen Kolonialstil errichtetes Geb\u00e4ude, das als Technikzentrum und B\u00fcro benutzt werden kann und vom Administrador bereits, ebenfalls kostenlos, f\u00fcr das Projekt zugesagt worden ist. Das Projekt ist finanziell selbstragend, die laufenden Betriebskosten sind niedrig, die Expansion nach etwa 6 Jahren ist selbstfinanziert. <\/p>\n\n\n\n<p><em>Logo a seguir h\u00e1 um edif\u00edcio grande, no estilo colonial portugu\u00eas mas com a necessidade de renova\u00e7\u00e3o, que pode ser usado para a sala tecnica e o escrit\u00f3rio, este j\u00e1 foi disponibilizado pelo administrador, tamb\u00e9m sem custos, para o projeto. O projeto \u00e9 financeiramente autossustent\u00e1vel , os custos de opera\u00e7\u00e3o s\u00e3o baixos, a amplia\u00e7\u00e3o ap\u00f3s cerca de 6 anos ser\u00e1 autofinanciada.   <\/em><\/p>\n\n\n\n<p>Im Zuge der Installation entstehen im Dorf sofort und dauerhaft zahlreiche Arbeitspl\u00e4tze.<br>W\u00e4hrend der Zeit des etwa 7-monatigen Aufbaus der Anlage werden viele Arbeitskr\u00e4fte ben\u00f6tigt: f\u00fcr den Aufbau der Module, die Errichtung der Strassenlampen, aber auch Elektriker, die die Installation in den Geb\u00e4uden und Wohnh\u00e4user vornehmen.  <\/p>\n\n\n\n<p><em>Como parte da instala\u00e7\u00e3o, numerosos empregos surgem imediata e permanentemente na aldeia. Muitos trabalhadores ser\u00e3o necess\u00e1rios durante o per\u00edodo de aproximadamente 7 meses na constru\u00e7\u00e3o do Mini-Grid: para a constru\u00e7\u00e3o do \u02basolar-array\u02ba,  para a montagem dos postes da illumina\u00e7\u00e3o p\u00fablica e tamb\u00e9m para eletricistas que realizar\u00e3o a instala\u00e7\u00e3o nos pr\u00e9dios e nas casas.<\/em><\/p>\n\n\n\n<p>Nach Fertigstellung und Inbetriebnahme des Solarkraftwerkes verwaltet und unterh\u00e4lt ein daf\u00fcr ausgebildetes Team bestehend aus Dorfbewohnern das Projekt selbst. Auf dem Technikgel\u00e4nde entstehen dauerhaft etwa 8 Arbeitspl\u00e4tze f\u00fcr die Unterhaltung, die Wartung, Anpassungen und Erweiterungen, ggf. Reparaturen sowie f\u00fcr weitere Serviceleistungen. W\u00e4hrend der gesamten Aufbauphase finden verschiedene Ausbildungskurse statt: in Solartechnik und in den Bereichen Informatik und Administration. <\/p>\n\n\n\n<p><em>Ap\u00f3s a conclus\u00e3o e o comissionamento da central de energia solar, uma equipa formada, composta por moradores, vai gerir e manter o projeto por eles mesmos. A cerca de 8 postos de trabalho ser\u00e3o criados permanentemente no site t\u00e9cnico para manuten\u00e7\u00e3o, ajustes, ampliac\u00f5es, se necess\u00e1rio repar\u00f5es e outros servi\u00e7os.  V\u00e1rias forma\u00e7\u00f5es ser\u00e3o realizadas ao longo da fase da constru\u00e7\u00e3o: em tecnologia solar e nas \u00e1reas de TI e administra\u00e7\u00e3o.<\/em><\/p>\n\n\n\n<div class=\"wp-block-columns is-layout-flex wp-container-core-columns-is-layout-28f84493 wp-block-columns-is-layout-flex\">\n<div class=\"wp-block-column is-layout-flow wp-block-column-is-layout-flow\">\n<figure class=\"wp-block-image size-large\"><img loading=\"lazy\" decoding=\"async\" width=\"1024\" height=\"768\" src=\"https:\/\/www.naru-bissau.org\/wp-content\/uploads\/2022\/10\/Contuboel-6-1024x768.jpg\" alt=\"\" class=\"wp-image-756\" srcset=\"https:\/\/www.naru-bissau.org\/wp-content\/uploads\/2022\/10\/Contuboel-6-1024x768.jpg 1024w, https:\/\/www.naru-bissau.org\/wp-content\/uploads\/2022\/10\/Contuboel-6-300x225.jpg 300w, https:\/\/www.naru-bissau.org\/wp-content\/uploads\/2022\/10\/Contuboel-6-768x576.jpg 768w, https:\/\/www.naru-bissau.org\/wp-content\/uploads\/2022\/10\/Contuboel-6.jpg 1142w\" sizes=\"auto, (max-width: 1024px) 100vw, 1024px\" \/><\/figure>\n\n\n\n<figure class=\"wp-block-image size-full\"><img loading=\"lazy\" decoding=\"async\" width=\"1024\" height=\"768\" src=\"https:\/\/www.naru-bissau.org\/wp-content\/uploads\/2022\/10\/Contuboel-12.jpg\" alt=\"\" class=\"wp-image-757\" srcset=\"https:\/\/www.naru-bissau.org\/wp-content\/uploads\/2022\/10\/Contuboel-12.jpg 1024w, https:\/\/www.naru-bissau.org\/wp-content\/uploads\/2022\/10\/Contuboel-12-300x225.jpg 300w, https:\/\/www.naru-bissau.org\/wp-content\/uploads\/2022\/10\/Contuboel-12-768x576.jpg 768w\" sizes=\"auto, (max-width: 1024px) 100vw, 1024px\" \/><\/figure>\n\n\n\n<figure class=\"wp-block-image size-full\"><img loading=\"lazy\" decoding=\"async\" width=\"1024\" height=\"768\" src=\"https:\/\/www.naru-bissau.org\/wp-content\/uploads\/2022\/10\/Photos-Referenzproj.-10.png\" alt=\"\" class=\"wp-image-758\" srcset=\"https:\/\/www.naru-bissau.org\/wp-content\/uploads\/2022\/10\/Photos-Referenzproj.-10.png 1024w, https:\/\/www.naru-bissau.org\/wp-content\/uploads\/2022\/10\/Photos-Referenzproj.-10-300x225.png 300w, https:\/\/www.naru-bissau.org\/wp-content\/uploads\/2022\/10\/Photos-Referenzproj.-10-768x576.png 768w\" sizes=\"auto, (max-width: 1024px) 100vw, 1024px\" \/><\/figure>\n\n\n\n<figure class=\"wp-block-image size-large\"><img loading=\"lazy\" decoding=\"async\" width=\"1024\" height=\"768\" src=\"https:\/\/www.naru-bissau.org\/wp-content\/uploads\/2022\/10\/Photos-Referenzproj.-7-1024x768.jpg\" alt=\"\" class=\"wp-image-759\" srcset=\"https:\/\/www.naru-bissau.org\/wp-content\/uploads\/2022\/10\/Photos-Referenzproj.-7-1024x768.jpg 1024w, https:\/\/www.naru-bissau.org\/wp-content\/uploads\/2022\/10\/Photos-Referenzproj.-7-300x225.jpg 300w, https:\/\/www.naru-bissau.org\/wp-content\/uploads\/2022\/10\/Photos-Referenzproj.-7-768x576.jpg 768w, https:\/\/www.naru-bissau.org\/wp-content\/uploads\/2022\/10\/Photos-Referenzproj.-7-1536x1152.jpg 1536w, https:\/\/www.naru-bissau.org\/wp-content\/uploads\/2022\/10\/Photos-Referenzproj.-7-2048x1536.jpg 2048w, https:\/\/www.naru-bissau.org\/wp-content\/uploads\/2022\/10\/Photos-Referenzproj.-7-1568x1176.jpg 1568w\" sizes=\"auto, (max-width: 1024px) 100vw, 1024px\" \/><\/figure>\n\n\n\n<figure class=\"wp-block-image size-full\"><img loading=\"lazy\" decoding=\"async\" width=\"972\" height=\"440\" src=\"https:\/\/www.naru-bissau.org\/wp-content\/uploads\/2022\/10\/Photos-Illonde-Tendinto-15.png\" alt=\"\" class=\"wp-image-760\" srcset=\"https:\/\/www.naru-bissau.org\/wp-content\/uploads\/2022\/10\/Photos-Illonde-Tendinto-15.png 972w, https:\/\/www.naru-bissau.org\/wp-content\/uploads\/2022\/10\/Photos-Illonde-Tendinto-15-300x136.png 300w, https:\/\/www.naru-bissau.org\/wp-content\/uploads\/2022\/10\/Photos-Illonde-Tendinto-15-768x348.png 768w\" sizes=\"auto, (max-width: 972px) 100vw, 972px\" \/><\/figure>\n<\/div>\n\n\n\n<div class=\"wp-block-column is-layout-flow wp-block-column-is-layout-flow\">\n<p>Das Mini-Grid im Dorf ist als Pilotprojekt angelegt. Gegen\u00fcber bestehenden Mini Grids sollen konzeptionell einige \u00c4nderungen vorgenommen werden. U.a. sollen Lithium- anstelle von Bleiakkumulatoren verwendet werden.<br> Das Projekt soll begleitet werden durch eine Studie \u00fcber die Auswirkungen der Elektrifizierung auf die \u00f6konomische und soziale Entwicklung im Dorf: Entstehung von neuen Arbeitspl\u00e4tzen, welche Gewerbe und Kleinindustrien entstehen, Reduzierung der Migration, Stromverbrauch resp. -bedarf der einzelnen Haushalte, welche elektrischen Ger\u00e4te kommen in den Haushalten bevorzugt zum Einsatz etc. Angestrebt wird die Beteiligung einer schweizer oder einer deutschen Universit\u00e4t sowie der Universit\u00e4t Bissau, die vor Beginn der Aufbauphase des Grids den Ist-Zustand detailliert evaluieren und mit denen zusammen die relevanten Fragestellungen entwickelt werden. <\/p>\n\n\n\n<p><em>O Mini-Grid na aldeia \u00e9 projetado como um projeto piloto.  Algumas mudan\u00e7as conceituais devem ser feitas em compara\u00e7\u00e3o com os Mini-Grids existentes. Entre outras, as baterias de l\u00edtio devem ser usadas em vez de baterias de chumbo-\u00e1cido.                                                                                         O projeto deve ser acompanhado por um estudo sobre o impacto da eletrifica\u00e7\u00e3o no desenvolvimento econ\u00f4mico e social na aldeia: a cria\u00e7\u00e3o dos novos postos de trabalho, das quais actividades comerciais e pequenas ind\u00fastrias surgem, a redu\u00e7\u00e3o da migra\u00e7\u00e3o, o consumo de energia, o consumo dos agregados familiares individuais, das quais dispositivos el\u00e9tricos ser\u00e3o prefer\u00edveis nas casas, etc . O objetivo \u00e9 envolver uma universidade su\u00ed\u00e7a ou alem\u00e3, bem como uma universidade de Bissau, que avaliar\u00e1 o status atual em detalhes antes do in\u00edcio da constru\u00e7\u00e3o do Mini-Grid e com o qual as quest\u00f5es relevantes ser\u00e3o desenvolvidas.<\/em><\/p>\n\n\n\n<p>Diese systematisch angelegte und detailreiche Studie liefert wertvolle Informationen f\u00fcr die Konzeption zuk\u00fcnftiger Projekte von NARU Navitas Ruralium, nat\u00fcrlich auch f\u00fcr Entwicklungsprojekte anderer NGOs und Hilfsorganisationen. <\/p>\n\n\n\n<p><em>Este estudo detalhado e sistem\u00e1tico fornecer\u00e1 informa\u00e7\u00f5es valiosas para a concep\u00e7\u00e3o de futuros projetos do NARU Navitas Ruralium, \u00e9 claro, tamb\u00e9m para os projetos de desenvolvimento das outras ONG`s e organiza\u00e7\u00f5es.<\/em><\/p>\n<\/div>\n<\/div>\n\n\n\n<p><\/p>\n\n\n\n<div class=\"wp-block-media-text alignwide has-media-on-the-right is-stacked-on-mobile\" style=\"grid-template-columns:auto 45%\"><figure class=\"wp-block-media-text__media\"><img loading=\"lazy\" decoding=\"async\" width=\"1024\" height=\"485\" src=\"https:\/\/www.naru-bissau.org\/wp-content\/uploads\/2019\/11\/referenzprojekt-contuboel-10-1024x485.png\" alt=\"\" class=\"wp-image-473 size-full\" srcset=\"https:\/\/www.naru-bissau.org\/wp-content\/uploads\/2019\/11\/referenzprojekt-contuboel-10-1024x485.png 1024w, https:\/\/www.naru-bissau.org\/wp-content\/uploads\/2019\/11\/referenzprojekt-contuboel-10-300x142.png 300w, https:\/\/www.naru-bissau.org\/wp-content\/uploads\/2019\/11\/referenzprojekt-contuboel-10-768x364.png 768w, https:\/\/www.naru-bissau.org\/wp-content\/uploads\/2019\/11\/referenzprojekt-contuboel-10.png 1299w\" sizes=\"auto, (max-width: 1024px) 100vw, 1024px\" \/><\/figure><div class=\"wp-block-media-text__content\">\n<p>Die wichtigsten Eckdaten des Projektes:<br>Dauer der Installation: 7 Monate<br>Beginn der Versorgung mit Elektrizit\u00e4t: in der 35. Woche nach Beginn des Aufbaus.<br>Die Module haben eine Gesamtleistung von 110kWp und liefern rund 440 kWh pro Tag.<\/p>\n\n\n\n<p><em>Os dados principais mais importantes do projeto:                                                                            Tempo de instala\u00e7\u00e3o: 7 meses                                                                                                                In\u00edcio do fornecimento de eletricidade: ap\u00f3s 35 semanas desde o in\u00edcio da constru\u00e7\u00e3o. Os m\u00f3dulos t\u00eam uma capacidade total de 110 kWp e produzem a cerca de 440 kWh por dia.<\/em><\/p>\n\n\n\n<p>Die Lithiumbatterien haben eine Speicherkapazit\u00e4t von 72 kWh.<\/p>\n\n\n\n<p><em>As baterias de l\u00edtio possuem uma capacidade de armazenamento de 72 Kwh.<\/em><\/p>\n<\/div><\/div>\n\n\n\n<p><\/p>\n","protected":false},"excerpt":{"rendered":"<p>Das erste angestrebte gr\u00f6ssere Projekt von NARU Navitas ruralium ist die Errichtung eines Mini-Grids in einem Dorf. O primeiro grande projeto da NARU Navitas Ruralium \u00e9 construir um Mini-Grid em uma aldeia. Das Dorf hat ca. 3000 Einwohner und ist f\u00fcr ein Mini Grid ausgezeichnet geeignet. Im Dorfkern befinden sich nah beieinander das Gemeindezentrum (Rathaus),<a class=\"more-link\" href=\"https:\/\/www.naru-bissau.org\/?page_id=227\">Continue reading <span class=\"screen-reader-text\">&#171;Mini-Grid f\u00fcr ein Dorf \/ Mini-Grid para uma Aldeia&#187;<\/span><\/a><\/p>\n","protected":false},"author":1,"featured_media":0,"parent":0,"menu_order":0,"comment_status":"closed","ping_status":"closed","template":"","meta":{"footnotes":""},"class_list":["post-227","page","type-page","status-publish","hentry","entry"],"_links":{"self":[{"href":"https:\/\/www.naru-bissau.org\/index.php?rest_route=\/wp\/v2\/pages\/227","targetHints":{"allow":["GET"]}}],"collection":[{"href":"https:\/\/www.naru-bissau.org\/index.php?rest_route=\/wp\/v2\/pages"}],"about":[{"href":"https:\/\/www.naru-bissau.org\/index.php?rest_route=\/wp\/v2\/types\/page"}],"author":[{"embeddable":true,"href":"https:\/\/www.naru-bissau.org\/index.php?rest_route=\/wp\/v2\/users\/1"}],"replies":[{"embeddable":true,"href":"https:\/\/www.naru-bissau.org\/index.php?rest_route=%2Fwp%2Fv2%2Fcomments&post=227"}],"version-history":[{"count":26,"href":"https:\/\/www.naru-bissau.org\/index.php?rest_route=\/wp\/v2\/pages\/227\/revisions"}],"predecessor-version":[{"id":761,"href":"https:\/\/www.naru-bissau.org\/index.php?rest_route=\/wp\/v2\/pages\/227\/revisions\/761"}],"wp:attachment":[{"href":"https:\/\/www.naru-bissau.org\/index.php?rest_route=%2Fwp%2Fv2%2Fmedia&parent=227"}],"curies":[{"name":"wp","href":"https:\/\/api.w.org\/{rel}","templated":true}]}}