{"id":5,"date":"2019-10-19T15:10:36","date_gmt":"2019-10-19T15:10:36","guid":{"rendered":"https:\/\/narubissau.wordpress.com\/?page_id=2"},"modified":"2022-10-27T11:19:29","modified_gmt":"2022-10-27T11:19:29","slug":"home","status":"publish","type":"page","link":"https:\/\/www.naru-bissau.org\/","title":{"rendered":"Home"},"content":{"rendered":"\n<div class=\"wp-block-cover alignfull\" style=\"min-height:390px;aspect-ratio:unset;\"><span aria-hidden=\"true\" class=\"wp-block-cover__background has-background-dim-20 has-background-dim\"><\/span><img loading=\"lazy\" decoding=\"async\" width=\"1299\" height=\"376\" class=\"wp-block-cover__image-background wp-image-469\" alt=\"\" src=\"https:\/\/www.naru-bissau.org\/wp-content\/uploads\/2019\/11\/referenzprojekt-contuboel-15.png\" data-object-fit=\"cover\" srcset=\"https:\/\/www.naru-bissau.org\/wp-content\/uploads\/2019\/11\/referenzprojekt-contuboel-15.png 1299w, https:\/\/www.naru-bissau.org\/wp-content\/uploads\/2019\/11\/referenzprojekt-contuboel-15-300x87.png 300w, https:\/\/www.naru-bissau.org\/wp-content\/uploads\/2019\/11\/referenzprojekt-contuboel-15-768x222.png 768w, https:\/\/www.naru-bissau.org\/wp-content\/uploads\/2019\/11\/referenzprojekt-contuboel-15-1024x296.png 1024w\" sizes=\"auto, (max-width: 1299px) 100vw, 1299px\" \/><div class=\"wp-block-cover__inner-container is-layout-flow wp-block-cover-is-layout-flow\">\n<h1 class=\"has-text-align-center has-large-font-size wp-block-heading\"><strong>Herzlich Willkommen auf der Webseite der <\/strong><br><strong>NGO <\/strong><strong>NARU Navitas Ruralium<\/strong><\/h1>\n\n\n\n<h1 class=\"has-text-align-center has-large-font-size wp-block-heading\"><em>Bem-Vindo ao Website da<\/em><br><em> ONG NARU Navitas Ruralium <\/em><\/h1>\n\n\n\n<p><\/p>\n<\/div><\/div>\n\n\n\n<p class=\"has-small-font-size\">NARU Navitas Ruralium ist eine NGO und f\u00f6rdert Projekte in l\u00e4ndlichen Regionen des westafrikanischen Landes Guinea-Bissau in den Bereichen elektrische Energieversorgung, Entwicklungshilfe und Umweltschutz in l\u00e4ndlichen Regionen, mit den Schwerpunkten:<\/p>\n\n\n\n<p class=\"has-text-align-center has-small-font-size\"><strong>Solarenergie<\/strong><br>(Micro- und Mini Grids, Aufbau von Solar-Metallwerkst\u00e4tten und Solar-Schreinereien) <strong>Wasserversorgungssysteme<\/strong>,<br><strong>Permakulturprojekte<\/strong> <br>sowie <strong>Ausbildungskurse <\/strong>in den Bereichen <br>Solartechnologie, der Metall- und Holzverarbeitung und der Permakultur.<\/p>\n\n\n\n<p class=\"has-text-align-center has-small-font-size\"><em>NARU Navitas ruralium \u00e9 uma ONG na Guin\u00e9-Bissau localizada na \u00c1frica Ocidental , <\/em>que promove projetos em regi\u00f5es rurais do pa\u00eds da \u00c1frica Ocidental, Guin\u00e9-Bissau, nas \u00e1reas de fornecimento de energia el\u00e9trica, ajuda ao desenvolvimento e prote\u00e7\u00e3o ambiental nas regi\u00f5es rurais, com enfoque em:<\/p>\n\n\n\n<p class=\"has-text-align-center has-small-font-size\"><em><strong>Energia solar<\/strong> <\/em><br><em>(Micro e mini grades, constru\u00e7\u00e3o de oficinas de metal solar e marcenaria solar), <\/em><br><em><strong>sistemas de abastecimento de \u00e1gua<\/strong>, <\/em><br><em>projetos de <strong>Permacultura <\/strong><\/em><br><em>bem como cursos de forma\u00e7\u00e3o nos campos de: <\/em><br><em>Tecnologia solar, processamento de metal e madeira e permacultura.<\/em><\/p>\n\n\n\n<hr class=\"wp-block-separator has-css-opacity\"\/>\n\n\n\n<p class=\"has-small-font-size\">Copyright NARU Bissau &#8211; All rights reserved<br><\/p>\n","protected":false},"excerpt":{"rendered":"<p>NARU Navitas Ruralium ist eine NGO und f\u00f6rdert Projekte in l\u00e4ndlichen Regionen des westafrikanischen Landes Guinea-Bissau in den Bereichen elektrische Energieversorgung, Entwicklungshilfe und Umweltschutz in l\u00e4ndlichen Regionen, mit den Schwerpunkten: Solarenergie(Micro- und Mini Grids, Aufbau von Solar-Metallwerkst\u00e4tten und Solar-Schreinereien) Wasserversorgungssysteme,Permakulturprojekte sowie Ausbildungskurse in den Bereichen Solartechnologie, der Metall- und Holzverarbeitung und der Permakultur. NARU Navitas<a class=\"more-link\" href=\"https:\/\/www.naru-bissau.org\/\">Continue reading <span class=\"screen-reader-text\">&#171;Home&#187;<\/span><\/a><\/p>\n","protected":false},"author":1,"featured_media":0,"parent":0,"menu_order":1,"comment_status":"closed","ping_status":"closed","template":"","meta":{"footnotes":""},"class_list":["post-5","page","type-page","status-publish","hentry","entry"],"_links":{"self":[{"href":"https:\/\/www.naru-bissau.org\/index.php?rest_route=\/wp\/v2\/pages\/5","targetHints":{"allow":["GET"]}}],"collection":[{"href":"https:\/\/www.naru-bissau.org\/index.php?rest_route=\/wp\/v2\/pages"}],"about":[{"href":"https:\/\/www.naru-bissau.org\/index.php?rest_route=\/wp\/v2\/types\/page"}],"author":[{"embeddable":true,"href":"https:\/\/www.naru-bissau.org\/index.php?rest_route=\/wp\/v2\/users\/1"}],"replies":[{"embeddable":true,"href":"https:\/\/www.naru-bissau.org\/index.php?rest_route=%2Fwp%2Fv2%2Fcomments&post=5"}],"version-history":[{"count":21,"href":"https:\/\/www.naru-bissau.org\/index.php?rest_route=\/wp\/v2\/pages\/5\/revisions"}],"predecessor-version":[{"id":807,"href":"https:\/\/www.naru-bissau.org\/index.php?rest_route=\/wp\/v2\/pages\/5\/revisions\/807"}],"wp:attachment":[{"href":"https:\/\/www.naru-bissau.org\/index.php?rest_route=%2Fwp%2Fv2%2Fmedia&parent=5"}],"curies":[{"name":"wp","href":"https:\/\/api.w.org\/{rel}","templated":true}]}}