{"id":718,"date":"2022-10-04T10:48:07","date_gmt":"2022-10-04T10:48:07","guid":{"rendered":"https:\/\/www.naru-bissau.org\/?page_id=718"},"modified":"2022-10-04T11:31:58","modified_gmt":"2022-10-04T11:31:58","slug":"covid-19-haendedesinfektionsprojekt","status":"publish","type":"page","link":"https:\/\/www.naru-bissau.org\/?page_id=718","title":{"rendered":"COVID 19 H\u00e4ndedesinfektionsprojekt"},"content":{"rendered":"\n<p class=\"has-text-align-center\"><strong>Projekt:<\/strong><\/p>\n\n\n\n<p class=\"has-text-align-center\"><strong>Aufbau einer Solar-Metallwerkstatt mit einem Ausbildungskurs im Schweissen und in der Metallverarbeitung und anschliessender Fabrikaktion von Hygiene-Handwaschstationen zur Eind\u00e4mmung von Corona-Infektionen<\/strong><br><strong>(April bis Juli 2020)<\/strong><\/p>\n\n\n\n<div class=\"wp-block-columns are-vertically-aligned-top is-layout-flex wp-container-core-columns-is-layout-28f84493 wp-block-columns-is-layout-flex\">\n<div class=\"wp-block-column is-vertically-aligned-top is-layout-flow wp-block-column-is-layout-flow\" style=\"flex-basis:100%\">\n<div class=\"wp-block-columns is-layout-flex wp-container-core-columns-is-layout-28f84493 wp-block-columns-is-layout-flex\">\n<div class=\"wp-block-column is-layout-flow wp-block-column-is-layout-flow\">\n<p class=\"has-text-align-left\">Dieses Projekt wurde von NARU Navitas Ruralium vom 24. Juni bis Ende Juli 2020 in Bissau durchgef\u00fchrt.\u00a0 Finanziert wurde es von der Deutschen Botschaft in Dakar. NARU dankt sehr herzlich dem deutschen Botschafter in Dakar, Herrn Stephan R\u00f6ken, und Herrn Carsten Wille, dem Leiter des Verbindungsb\u00fcros der Deutschen Botschaft Dakar in Guinea-Bissau f\u00fcr ihre Unterst\u00fctzung.<\/p>\n<\/div>\n\n\n\n<div class=\"wp-block-column is-layout-flow wp-block-column-is-layout-flow\">\n<figure class=\"wp-block-image size-full is-resized\"><img loading=\"lazy\" decoding=\"async\" src=\"https:\/\/www.naru-bissau.org\/wp-content\/uploads\/2022\/10\/Bild-1-1.jpg\" alt=\"H\u00e4ndewaschstation Bild 1\" class=\"wp-image-727\" width=\"305\" height=\"406\" srcset=\"https:\/\/www.naru-bissau.org\/wp-content\/uploads\/2022\/10\/Bild-1-1.jpg 491w, https:\/\/www.naru-bissau.org\/wp-content\/uploads\/2022\/10\/Bild-1-1-225x300.jpg 225w\" sizes=\"auto, (max-width: 305px) 100vw, 305px\" \/><\/figure>\n<\/div>\n<\/div>\n<\/div>\n<\/div>\n\n\n\n<div class=\"wp-block-columns is-layout-flex wp-container-core-columns-is-layout-28f84493 wp-block-columns-is-layout-flex\">\n<div class=\"wp-block-column is-layout-flow wp-block-column-is-layout-flow\">\n<figure class=\"wp-block-image size-large\"><img loading=\"lazy\" decoding=\"async\" width=\"1024\" height=\"768\" src=\"https:\/\/www.naru-bissau.org\/wp-content\/uploads\/2022\/10\/Bild-2-1024x768.jpg\" alt=\"\" class=\"wp-image-732\" srcset=\"https:\/\/www.naru-bissau.org\/wp-content\/uploads\/2022\/10\/Bild-2-1024x768.jpg 1024w, https:\/\/www.naru-bissau.org\/wp-content\/uploads\/2022\/10\/Bild-2-300x225.jpg 300w, https:\/\/www.naru-bissau.org\/wp-content\/uploads\/2022\/10\/Bild-2-768x576.jpg 768w, https:\/\/www.naru-bissau.org\/wp-content\/uploads\/2022\/10\/Bild-2-1536x1152.jpg 1536w, https:\/\/www.naru-bissau.org\/wp-content\/uploads\/2022\/10\/Bild-2-1568x1176.jpg 1568w, https:\/\/www.naru-bissau.org\/wp-content\/uploads\/2022\/10\/Bild-2.jpg 2048w\" sizes=\"auto, (max-width: 1024px) 100vw, 1024px\" \/><\/figure>\n<\/div>\n\n\n\n<div class=\"wp-block-column is-layout-flow wp-block-column-is-layout-flow\">\n<p>F\u00fcr die Schweiss- und Metallarbeiten wurde eine Solarinstallation (18 kWp) aufgebaut. Alle Schweiss- und Metallarbeiten wurden mit Solarstrom durchgef\u00fchrt. Die Auslieferung und die Installierung der produzierten Hygiene-Handwaschstationen erfolgten anschliessend zwischen dem 18. und dem 25. Juli. \u00a0<\/p>\n<\/div>\n<\/div>\n\n\n\n<div class=\"wp-block-columns is-layout-flex wp-container-core-columns-is-layout-28f84493 wp-block-columns-is-layout-flex\">\n<div class=\"wp-block-column is-layout-flow wp-block-column-is-layout-flow\">\n<p>Die folgende Fotoreihe zeigt den Produktionsprozess. W\u00e4hrend der 4 Wochen, in denen die Stationen fabriziert wurden, kamen insgesamt 10 Arbeiter zum Einsatz, darunter 4 Frauen.<\/p>\n\n\n\n<p>Die Arbeiten umfassten im Einzelnen: Zuschneiden der Metallteile, Metallbohren, Zusammenschweissen der Metallteile, Anschliessen der Schl\u00e4uche und des Abflussrohres, Einpassen des Fusspedals, Anstreichen der Metallteile.<\/p>\n<\/div>\n\n\n\n<div class=\"wp-block-column is-layout-flow wp-block-column-is-layout-flow\">\n<figure class=\"wp-block-image size-large\"><img loading=\"lazy\" decoding=\"async\" width=\"1024\" height=\"768\" src=\"https:\/\/www.naru-bissau.org\/wp-content\/uploads\/2022\/10\/Bild-4-1024x768.jpg\" alt=\"\" class=\"wp-image-735\" srcset=\"https:\/\/www.naru-bissau.org\/wp-content\/uploads\/2022\/10\/Bild-4-1024x768.jpg 1024w, https:\/\/www.naru-bissau.org\/wp-content\/uploads\/2022\/10\/Bild-4-300x225.jpg 300w, https:\/\/www.naru-bissau.org\/wp-content\/uploads\/2022\/10\/Bild-4-768x576.jpg 768w, https:\/\/www.naru-bissau.org\/wp-content\/uploads\/2022\/10\/Bild-4-1536x1152.jpg 1536w, https:\/\/www.naru-bissau.org\/wp-content\/uploads\/2022\/10\/Bild-4-2048x1536.jpg 2048w, https:\/\/www.naru-bissau.org\/wp-content\/uploads\/2022\/10\/Bild-4-1568x1176.jpg 1568w\" sizes=\"auto, (max-width: 1024px) 100vw, 1024px\" \/><\/figure>\n\n\n\n<figure class=\"wp-block-image size-large\"><img loading=\"lazy\" decoding=\"async\" width=\"1024\" height=\"768\" src=\"https:\/\/www.naru-bissau.org\/wp-content\/uploads\/2022\/10\/Bild-6-1024x768.jpg\" alt=\"\" class=\"wp-image-736\" srcset=\"https:\/\/www.naru-bissau.org\/wp-content\/uploads\/2022\/10\/Bild-6-1024x768.jpg 1024w, https:\/\/www.naru-bissau.org\/wp-content\/uploads\/2022\/10\/Bild-6-300x225.jpg 300w, https:\/\/www.naru-bissau.org\/wp-content\/uploads\/2022\/10\/Bild-6-768x576.jpg 768w, https:\/\/www.naru-bissau.org\/wp-content\/uploads\/2022\/10\/Bild-6-1536x1152.jpg 1536w, https:\/\/www.naru-bissau.org\/wp-content\/uploads\/2022\/10\/Bild-6-2048x1536.jpg 2048w, https:\/\/www.naru-bissau.org\/wp-content\/uploads\/2022\/10\/Bild-6-1568x1176.jpg 1568w\" sizes=\"auto, (max-width: 1024px) 100vw, 1024px\" \/><\/figure>\n<\/div>\n<\/div>\n\n\n\n<div class=\"wp-block-columns is-layout-flex wp-container-core-columns-is-layout-28f84493 wp-block-columns-is-layout-flex\">\n<div class=\"wp-block-column is-layout-flow wp-block-column-is-layout-flow\">\n<figure class=\"wp-block-image size-large\"><img loading=\"lazy\" decoding=\"async\" width=\"1024\" height=\"768\" src=\"https:\/\/www.naru-bissau.org\/wp-content\/uploads\/2022\/10\/Bild-5-1024x768.jpg\" alt=\"\" class=\"wp-image-738\" srcset=\"https:\/\/www.naru-bissau.org\/wp-content\/uploads\/2022\/10\/Bild-5-1024x768.jpg 1024w, https:\/\/www.naru-bissau.org\/wp-content\/uploads\/2022\/10\/Bild-5-300x225.jpg 300w, https:\/\/www.naru-bissau.org\/wp-content\/uploads\/2022\/10\/Bild-5-768x576.jpg 768w, https:\/\/www.naru-bissau.org\/wp-content\/uploads\/2022\/10\/Bild-5-1536x1152.jpg 1536w, https:\/\/www.naru-bissau.org\/wp-content\/uploads\/2022\/10\/Bild-5-2048x1536.jpg 2048w, https:\/\/www.naru-bissau.org\/wp-content\/uploads\/2022\/10\/Bild-5-1568x1176.jpg 1568w\" sizes=\"auto, (max-width: 1024px) 100vw, 1024px\" \/><\/figure>\n<\/div>\n\n\n\n<div class=\"wp-block-column is-layout-flow wp-block-column-is-layout-flow\">\n<p>Mit Beginn der Coronakrise wurden auch im Stadtgebiet von Bissau zahlreiche kleine einfache Stationen zum H\u00e4ndewaschen mit einem Desinfektionsmittel, die aus einem Eimer mit Wasserhahn, der das Desinfektionsmittel enth\u00e4lt und zumeist auf einem Stuhl oder einem Treppenabsatz stehen, und einem weiteren Eimer f\u00fcr das Schmutzwasser bestehen, aufgestellt. <\/p>\n<\/div>\n<\/div>\n\n\n\n<div class=\"wp-block-columns is-layout-flex wp-container-core-columns-is-layout-28f84493 wp-block-columns-is-layout-flex\">\n<div class=\"wp-block-column is-layout-flow wp-block-column-is-layout-flow\">\n<p>Die von NARU Navitas Ruralium produzierten Handwaschstationen werden mit einem Fusspedal betrieben, welches das mit Wasser vermischte Desinfektionsmittel chargenweise freigibt, was den Verbrauch des Desinfektionsmittels reduziert, da kein Wasser fliesst, wenn das Pedal nicht bet\u00e4tigt wird. Wasserh\u00e4hne sind oft eine Infektionsquelle. Diese Stationen haben keinen Hahn, der w\u00e4hrend des Betriebs ge\u00f6ffnet und geschlossen werden muss. Insofern bieten sie ein h\u00f6heres Mass an Hygiene. Zwei Kanister (Volumen 25 l) stehen auf einem stabilen Metallfundament. Das Desinfektionsmittel befindet sich im ersten Kanister, der \u00fcber einen Schlauch mit der Fusspumpe verbunden ist. Von der Pumpe f\u00fchrt ein weiterer Schlauch nach oben zu einem gebogenen Metallrohr, an dessen Ende das Wasser austritt. Darunter befindet sich ein Waschbecken, welches das verbrauchte Wasser auff\u00e4ngt und in einen zweiten Kanister ableitet.<\/p>\n<\/div>\n\n\n\n<div class=\"wp-block-column is-layout-flow wp-block-column-is-layout-flow\">\n<figure class=\"wp-block-image size-large\"><img loading=\"lazy\" decoding=\"async\" width=\"1024\" height=\"768\" src=\"https:\/\/www.naru-bissau.org\/wp-content\/uploads\/2022\/10\/Bild-17-1024x768.jpg\" alt=\"\" class=\"wp-image-741\" srcset=\"https:\/\/www.naru-bissau.org\/wp-content\/uploads\/2022\/10\/Bild-17-1024x768.jpg 1024w, https:\/\/www.naru-bissau.org\/wp-content\/uploads\/2022\/10\/Bild-17-300x225.jpg 300w, https:\/\/www.naru-bissau.org\/wp-content\/uploads\/2022\/10\/Bild-17-768x576.jpg 768w, https:\/\/www.naru-bissau.org\/wp-content\/uploads\/2022\/10\/Bild-17-1536x1152.jpg 1536w, https:\/\/www.naru-bissau.org\/wp-content\/uploads\/2022\/10\/Bild-17-1568x1176.jpg 1568w, https:\/\/www.naru-bissau.org\/wp-content\/uploads\/2022\/10\/Bild-17.jpg 2048w\" sizes=\"auto, (max-width: 1024px) 100vw, 1024px\" \/><\/figure>\n\n\n\n<figure class=\"wp-block-image size-large\"><img loading=\"lazy\" decoding=\"async\" width=\"1024\" height=\"768\" src=\"https:\/\/www.naru-bissau.org\/wp-content\/uploads\/2022\/10\/Bild-8-1024x768.jpg\" alt=\"\" class=\"wp-image-743\" srcset=\"https:\/\/www.naru-bissau.org\/wp-content\/uploads\/2022\/10\/Bild-8-1024x768.jpg 1024w, https:\/\/www.naru-bissau.org\/wp-content\/uploads\/2022\/10\/Bild-8-300x225.jpg 300w, https:\/\/www.naru-bissau.org\/wp-content\/uploads\/2022\/10\/Bild-8-768x576.jpg 768w, https:\/\/www.naru-bissau.org\/wp-content\/uploads\/2022\/10\/Bild-8-1536x1152.jpg 1536w, https:\/\/www.naru-bissau.org\/wp-content\/uploads\/2022\/10\/Bild-8-2048x1536.jpg 2048w, https:\/\/www.naru-bissau.org\/wp-content\/uploads\/2022\/10\/Bild-8-1568x1176.jpg 1568w\" sizes=\"auto, (max-width: 1024px) 100vw, 1024px\" \/><\/figure>\n\n\n\n<figure class=\"wp-block-image size-large\"><img loading=\"lazy\" decoding=\"async\" width=\"1024\" height=\"768\" src=\"https:\/\/www.naru-bissau.org\/wp-content\/uploads\/2022\/10\/Bild-7-1-1024x768.jpg\" alt=\"\" class=\"wp-image-750\" srcset=\"https:\/\/www.naru-bissau.org\/wp-content\/uploads\/2022\/10\/Bild-7-1-1024x768.jpg 1024w, https:\/\/www.naru-bissau.org\/wp-content\/uploads\/2022\/10\/Bild-7-1-300x225.jpg 300w, https:\/\/www.naru-bissau.org\/wp-content\/uploads\/2022\/10\/Bild-7-1-768x576.jpg 768w, https:\/\/www.naru-bissau.org\/wp-content\/uploads\/2022\/10\/Bild-7-1-1536x1152.jpg 1536w, https:\/\/www.naru-bissau.org\/wp-content\/uploads\/2022\/10\/Bild-7-1-1568x1176.jpg 1568w, https:\/\/www.naru-bissau.org\/wp-content\/uploads\/2022\/10\/Bild-7-1.jpg 2048w\" sizes=\"auto, (max-width: 1024px) 100vw, 1024px\" \/><\/figure>\n<\/div>\n<\/div>\n\n\n\n<div class=\"wp-block-columns is-layout-flex wp-container-core-columns-is-layout-28f84493 wp-block-columns-is-layout-flex\">\n<div class=\"wp-block-column is-layout-flow wp-block-column-is-layout-flow\">\n<figure class=\"wp-block-image size-large\"><img loading=\"lazy\" decoding=\"async\" width=\"1024\" height=\"768\" src=\"https:\/\/www.naru-bissau.org\/wp-content\/uploads\/2022\/10\/Bild-9-1024x768.jpg\" alt=\"\" class=\"wp-image-745\" srcset=\"https:\/\/www.naru-bissau.org\/wp-content\/uploads\/2022\/10\/Bild-9-1024x768.jpg 1024w, https:\/\/www.naru-bissau.org\/wp-content\/uploads\/2022\/10\/Bild-9-300x225.jpg 300w, https:\/\/www.naru-bissau.org\/wp-content\/uploads\/2022\/10\/Bild-9-768x576.jpg 768w, https:\/\/www.naru-bissau.org\/wp-content\/uploads\/2022\/10\/Bild-9-1536x1152.jpg 1536w, https:\/\/www.naru-bissau.org\/wp-content\/uploads\/2022\/10\/Bild-9-2048x1536.jpg 2048w, https:\/\/www.naru-bissau.org\/wp-content\/uploads\/2022\/10\/Bild-9-1568x1176.jpg 1568w\" sizes=\"auto, (max-width: 1024px) 100vw, 1024px\" \/><\/figure>\n\n\n\n<figure class=\"wp-block-image size-large\"><img loading=\"lazy\" decoding=\"async\" width=\"1024\" height=\"768\" src=\"https:\/\/www.naru-bissau.org\/wp-content\/uploads\/2022\/10\/Bild-15-1024x768.jpg\" alt=\"\" class=\"wp-image-746\" srcset=\"https:\/\/www.naru-bissau.org\/wp-content\/uploads\/2022\/10\/Bild-15-1024x768.jpg 1024w, https:\/\/www.naru-bissau.org\/wp-content\/uploads\/2022\/10\/Bild-15-300x225.jpg 300w, https:\/\/www.naru-bissau.org\/wp-content\/uploads\/2022\/10\/Bild-15-768x576.jpg 768w, https:\/\/www.naru-bissau.org\/wp-content\/uploads\/2022\/10\/Bild-15-1536x1152.jpg 1536w, https:\/\/www.naru-bissau.org\/wp-content\/uploads\/2022\/10\/Bild-15-2048x1536.jpg 2048w, https:\/\/www.naru-bissau.org\/wp-content\/uploads\/2022\/10\/Bild-15-1568x1176.jpg 1568w\" sizes=\"auto, (max-width: 1024px) 100vw, 1024px\" \/><\/figure>\n<\/div>\n\n\n\n<div class=\"wp-block-column is-layout-flow wp-block-column-is-layout-flow\">\n<p>Die folgende Fotoreihe zeigt die \u00dcbergabe der Handwaschstationen auf den beiden gr\u00f6ssten M\u00e4rkten Bissaus \u2013 dem Mercado Bandim und dem Mercado Bairro Ajuda &#8211; in Anwesenheit des Leiters des Verbindungsb\u00fcro der Deutschen Botschaft Dakar in Guinea-Bissau, Herrn Carsten Wille am 23. Juli 2020.<br>Bei diesem Anlass war auch ein Kamerateam von <em>Televi\u00e7\u00e3o Guin\u00e9 Bissau<\/em> anwesend. Ein\u00a0 knapp 5-min\u00fctiger Beitrag mit Interviews mit Carsten Wille und Reinder Bouwmeester, Pr\u00e4sident von NARU Navitas Ruralium, wurde am 25.7.2020 in den Hauptnachrichten am Abend gesendet.<\/p>\n<\/div>\n<\/div>\n\n\n\n<div class=\"wp-block-columns is-layout-flex wp-container-core-columns-is-layout-28f84493 wp-block-columns-is-layout-flex\">\n<div class=\"wp-block-column is-layout-flow wp-block-column-is-layout-flow\">\n<p>Carsten Wille im Interview mit <em>Televi\u00e7\u00e3o Guin\u00e9<\/em> Bissau<\/p>\n\n\n\n<p>Video des Beitrages von <em>Televi\u00e7\u00e3o Guin\u00e9 Bissau<\/em><\/p>\n<\/div>\n\n\n\n<div class=\"wp-block-column is-layout-flow wp-block-column-is-layout-flow\">\n<figure class=\"wp-block-image size-large\"><img loading=\"lazy\" decoding=\"async\" width=\"1024\" height=\"768\" src=\"https:\/\/www.naru-bissau.org\/wp-content\/uploads\/2022\/10\/Bild-12-1024x768.jpg\" alt=\"\" class=\"wp-image-747\" srcset=\"https:\/\/www.naru-bissau.org\/wp-content\/uploads\/2022\/10\/Bild-12-1024x768.jpg 1024w, https:\/\/www.naru-bissau.org\/wp-content\/uploads\/2022\/10\/Bild-12-300x225.jpg 300w, https:\/\/www.naru-bissau.org\/wp-content\/uploads\/2022\/10\/Bild-12-768x576.jpg 768w, https:\/\/www.naru-bissau.org\/wp-content\/uploads\/2022\/10\/Bild-12-1536x1152.jpg 1536w, https:\/\/www.naru-bissau.org\/wp-content\/uploads\/2022\/10\/Bild-12-2048x1536.jpg 2048w, https:\/\/www.naru-bissau.org\/wp-content\/uploads\/2022\/10\/Bild-12-1568x1176.jpg 1568w\" sizes=\"auto, (max-width: 1024px) 100vw, 1024px\" \/><\/figure>\n<\/div>\n<\/div>\n\n\n\n<p><\/p>\n\n\n\n<p><\/p>\n","protected":false},"excerpt":{"rendered":"<p>Projekt: Aufbau einer Solar-Metallwerkstatt mit einem Ausbildungskurs im Schweissen und in der Metallverarbeitung und anschliessender Fabrikaktion von Hygiene-Handwaschstationen zur Eind\u00e4mmung von Corona-Infektionen(April bis Juli 2020) Dieses Projekt wurde von NARU Navitas Ruralium vom 24. Juni bis Ende Juli 2020 in Bissau durchgef\u00fchrt.\u00a0 Finanziert wurde es von der Deutschen Botschaft in Dakar. NARU dankt sehr herzlich<a class=\"more-link\" href=\"https:\/\/www.naru-bissau.org\/?page_id=718\">Continue reading <span class=\"screen-reader-text\">&#171;COVID 19 H\u00e4ndedesinfektionsprojekt&#187;<\/span><\/a><\/p>\n","protected":false},"author":1,"featured_media":0,"parent":0,"menu_order":0,"comment_status":"closed","ping_status":"closed","template":"","meta":{"footnotes":""},"class_list":["post-718","page","type-page","status-publish","hentry","entry"],"_links":{"self":[{"href":"https:\/\/www.naru-bissau.org\/index.php?rest_route=\/wp\/v2\/pages\/718","targetHints":{"allow":["GET"]}}],"collection":[{"href":"https:\/\/www.naru-bissau.org\/index.php?rest_route=\/wp\/v2\/pages"}],"about":[{"href":"https:\/\/www.naru-bissau.org\/index.php?rest_route=\/wp\/v2\/types\/page"}],"author":[{"embeddable":true,"href":"https:\/\/www.naru-bissau.org\/index.php?rest_route=\/wp\/v2\/users\/1"}],"replies":[{"embeddable":true,"href":"https:\/\/www.naru-bissau.org\/index.php?rest_route=%2Fwp%2Fv2%2Fcomments&post=718"}],"version-history":[{"count":14,"href":"https:\/\/www.naru-bissau.org\/index.php?rest_route=\/wp\/v2\/pages\/718\/revisions"}],"predecessor-version":[{"id":751,"href":"https:\/\/www.naru-bissau.org\/index.php?rest_route=\/wp\/v2\/pages\/718\/revisions\/751"}],"wp:attachment":[{"href":"https:\/\/www.naru-bissau.org\/index.php?rest_route=%2Fwp%2Fv2%2Fmedia&parent=718"}],"curies":[{"name":"wp","href":"https:\/\/api.w.org\/{rel}","templated":true}]}}