{"id":838,"date":"2022-10-27T13:04:28","date_gmt":"2022-10-27T13:04:28","guid":{"rendered":"https:\/\/www.naru-bissau.org\/?page_id=838"},"modified":"2024-03-22T14:48:56","modified_gmt":"2024-03-22T14:48:56","slug":"permakultur","status":"publish","type":"page","link":"https:\/\/www.naru-bissau.org\/?page_id=838","title":{"rendered":"Permakultur-Projekte \/ Projetos da Permacultura"},"content":{"rendered":"\n<p><strong>Permakultur-Projekte<\/strong><\/p>\n\n\n\n<p>Die Landwirtschaft ist immer noch der Haupterwerbszweig in afrikanischen L\u00e4ndern. Gleichwohl hat die Landwirtschaft in den letzten Jahren und Jahrzehnten deutlich an Attraktivit\u00e4t verloren speziell bei der j\u00fcngeren Bev\u00f6lkerung, die sich heute eher im Dienstleistungsbereich in den St\u00e4dten zu platzieren sucht in der Hoffnung, dort ein regelm\u00e4ssiges Einkommen zu generieren. Stichwort Landflucht.<\/p>\n\n\n\n<p>Boden und Klima bieten in Guinea-Bissau geradezu ideale Bedingungen f\u00fcr eine ertragreiche Landwirtschaft: Der Boden ist ausserordentlich fruchtbar, es ist ganzj\u00e4hrig warm, die Regenzeit ist \u00fcppig und bringt ausreichend Wasser f\u00fcr landwirtschaftliche Aktivit\u00e4ten.<\/p>\n\n\n\n<p>Das Problem sind h\u00e4ufig: fehlende Brunnen in der N\u00e4he der Anbaufl\u00e4chen, fehlende Samen und fehlendes, d.h. verloren gegangenes Know how. Die Cashew-Monokultur, die sich in den letzten Jahrzehnten hat nicht nur den Boden gesch\u00e4digt, sondern auch einen Grossteil der Bev\u00f6lkerung von den Cashew-Kampagnen abh\u00e4ngig gemacht, welche nur f\u00fcr wenige Monate im Jahr (von M\u00e4rz bis Juli) ein Einkommen generieren. Noch vor wenigen Jahrzehnten gab es eine grosse Vielfalt insbesondere an (auch wild wachsenden) Fruchtb\u00e4umen (Orangen, Bananen, Mandarinen, Papayas, Guaven etc.), die der Bev\u00f6lkerung zur Verf\u00fcgung standen.<\/p>\n\n\n\n<p>Ziel von landwirtschaftlichen und Permakultur-Projekten ist es, einen hohen Ertrag sowie eine grosse Vielfalt an gesunden und n\u00e4hrstoffreichen Gem\u00fcsesorten und Fr\u00fcchten zu erzielen resp. Auch durch den Verkauf von Produkten f\u00fcr eine Vielzahl von Dorfbewohnern ein regelm\u00e4ssiges Einkommen zu sichern. Insofern sind landwirtschaftliche Projekte von grosser \u00f6konomischer, gesundheitlicher und umweltsch\u00fctzender Relevanz.<\/p>\n\n\n\n<p>Es besteht grosse Hoffnung, durch die Bereitstellung einer entsprechenden Infrastruktur vermehrt wieder junge Leute f\u00fcr die Landwirtschaft zu interessieren und im Dorf zu halten.<\/p>\n\n\n\n<p><strong>Projetos de Permacultura<\/strong><\/p>\n\n\n\n<p>A agricultura continua a ser a principal fonte de rendimento nos pa\u00edses africanos. No entanto, a agricultura perdeu grande parte da sua atratividade nos \u00faltimos anos e d\u00e9cadas, especialmente entre a popula\u00e7\u00e3o mais jovem, que hoje tem mais probabilidades de se posicionar no sector dos servi\u00e7os nas cidades na esperan\u00e7a de a\u00ed gerar um rendimento regular. Palavra-chave \u00eaxodo rural.<\/p>\n\n\n\n<p>O solo e o clima na Guin\u00e9-Bissau oferecem condi\u00e7\u00f5es ideais para a agricultura produtiva: o solo \u00e9 extremamente f\u00e9rtil, \u00e9 quente durante todo o ano, a esta\u00e7\u00e3o chuvosa \u00e9 exuberante e fornece \u00e1gua suficiente para as atividades agr\u00edcolas.<\/p>\n\n\n\n<p>Os problemas s\u00e3o muitas vezes: po\u00e7os desaparecidos perto das \u00e1reas cultivadas, sementes desaparecidas e desaparecidos, ou seja, perdidos know-how. A monocultura de caju, que se desenvolveu nas \u00faltimas d\u00e9cadas, n\u00e3o s\u00f3 danificou o solo, como tamb\u00e9m tornou grande parte da popula\u00e7\u00e3o dependente de campanhas de caju, que geram rendimento apenas durante alguns meses do ano (de mar\u00e7o a julho). H\u00e1 apenas algumas d\u00e9cadas, havia uma grande variedade de \u00e1rvores de fruto (laranjas, bananas, tangerinas, papaias, goiabas, etc.), que estavam dispon\u00edveis para a popula\u00e7\u00e3o.<\/p>\n\n\n\n<p>O objetivo dos projetos agr\u00edcolas e de permacultura \u00e9 alcan\u00e7ar um alto rendimento, bem como uma grande variedade de vegetais e frutas saud\u00e1veis e ricos em nutrientes. Tamb\u00e9m para garantir um rendimento regular atrav\u00e9s da venda de produtos para um grande n\u00famero de alde\u00f5es. A este respeito, os projetos agr\u00edcolas s\u00e3o de grande relev\u00e2ncia econ\u00f3mica, sanit\u00e1ria e ambiental.<\/p>\n\n\n\n<p>H\u00e1 uma grande esperan\u00e7a de que, ao providenciarem uma infraestrutura adequada, mais jovens se interessem mais pela agricultura e os mantenham na aldeia.<\/p>\n","protected":false},"excerpt":{"rendered":"<p>Permakultur-Projekte Die Landwirtschaft ist immer noch der Haupterwerbszweig in afrikanischen L\u00e4ndern. Gleichwohl hat die Landwirtschaft in den letzten Jahren und Jahrzehnten deutlich an Attraktivit\u00e4t verloren speziell bei der j\u00fcngeren Bev\u00f6lkerung, die sich heute eher im Dienstleistungsbereich in den St\u00e4dten zu platzieren sucht in der Hoffnung, dort ein regelm\u00e4ssiges Einkommen zu generieren. Stichwort Landflucht. Boden und<a class=\"more-link\" href=\"https:\/\/www.naru-bissau.org\/?page_id=838\">Continue reading <span class=\"screen-reader-text\">&#171;Permakultur-Projekte \/ Projetos da Permacultura&#187;<\/span><\/a><\/p>\n","protected":false},"author":1,"featured_media":0,"parent":0,"menu_order":0,"comment_status":"closed","ping_status":"closed","template":"","meta":{"footnotes":""},"class_list":["post-838","page","type-page","status-publish","hentry","entry"],"_links":{"self":[{"href":"https:\/\/www.naru-bissau.org\/index.php?rest_route=\/wp\/v2\/pages\/838","targetHints":{"allow":["GET"]}}],"collection":[{"href":"https:\/\/www.naru-bissau.org\/index.php?rest_route=\/wp\/v2\/pages"}],"about":[{"href":"https:\/\/www.naru-bissau.org\/index.php?rest_route=\/wp\/v2\/types\/page"}],"author":[{"embeddable":true,"href":"https:\/\/www.naru-bissau.org\/index.php?rest_route=\/wp\/v2\/users\/1"}],"replies":[{"embeddable":true,"href":"https:\/\/www.naru-bissau.org\/index.php?rest_route=%2Fwp%2Fv2%2Fcomments&post=838"}],"version-history":[{"count":3,"href":"https:\/\/www.naru-bissau.org\/index.php?rest_route=\/wp\/v2\/pages\/838\/revisions"}],"predecessor-version":[{"id":849,"href":"https:\/\/www.naru-bissau.org\/index.php?rest_route=\/wp\/v2\/pages\/838\/revisions\/849"}],"wp:attachment":[{"href":"https:\/\/www.naru-bissau.org\/index.php?rest_route=%2Fwp%2Fv2%2Fmedia&parent=838"}],"curies":[{"name":"wp","href":"https:\/\/api.w.org\/{rel}","templated":true}]}}